{"id":23,"date":"2026-05-16T02:10:21","date_gmt":"2026-05-16T02:10:21","guid":{"rendered":"https:\/\/rota163.kaioracim.com.br\/?page_id=23"},"modified":"2026-05-16T02:10:21","modified_gmt":"2026-05-16T02:10:21","slug":"feliz-natal","status":"publish","type":"page","link":"https:\/\/rota163.kaioracim.com.br\/?page_id=23","title":{"rendered":"Portal Rota 163 Agro &#8211; Feliz Natal MT"},"content":{"rendered":"<p>O Portal Rota 163 Agro traz a cobertura completa do agroneg\u00f3cio em Feliz Natal, uma das regi\u00f5es mais produtivas e estrat\u00e9gicas de Mato Grosso. Nossa equipe acompanha diariamente os fatos, not\u00edcias, curiosidades, oportunidades e classificados que movimentam a economia local. Se voc\u00ea busca informa\u00e7\u00f5es sobre vagas de empregos em silos, fazendas e multinacionais, al\u00e9m de cota\u00e7\u00f5es atualizadas de gr\u00e3os como soja e milho, este \u00e9 o canal ideal. Destacamos o mercado de frete para caminh\u00f5es, carretas e bitrens que escoam a safra pela rodovia BR-163 e por todo o Nort\u00e3o mato-grossense. Fique por dentro de eventos agro, feiras tecnol\u00f3gicas, cursos especializados e palestras t\u00e9cnicas com especialistas renomados do setor. Feliz Natal se destaca na produ\u00e7\u00e3o mineral, vegetal e na pecu\u00e1ria de corte, impulsionando a balan\u00e7a comercial. Encontre tamb\u00e9m espa\u00e7os para publicidade estrat\u00e9gica para alavancar seus neg\u00f3cios e servi\u00e7os agr\u00edcolas para produtores de pequeno, m\u00e9dio e grande porte em Mato Grosso. Anuncie no maior portal agro regional. Entre em contato com a nossa reda\u00e7\u00e3o de jornalismo e publicidade pelo WhatsApp +55 (65) 99264-9286 ou pelo e-mail oficial contato@rota163agro.com.br.<\/p>\n","protected":false},"excerpt":{"rendered":"<p>O Portal Rota 163 Agro traz a cobertura completa do agroneg\u00f3cio em Feliz Natal, uma das regi\u00f5es mais produtivas e estrat\u00e9gicas de Mato Grosso. Nossa equipe acompanha diariamente os fatos, not\u00edcias, curiosidades, oportunidades e classificados que movimentam a economia local. Se voc\u00ea busca informa\u00e7\u00f5es sobre vagas de empregos em silos, fazendas e multinacionais, al\u00e9m de [&hellip;]<\/p>\n","protected":false},"author":1,"featured_media":0,"parent":0,"menu_order":0,"comment_status":"closed","ping_status":"closed","template":"","meta":{"footnotes":""},"class_list":["post-23","page","type-page","status-publish","hentry"],"_links":{"self":[{"href":"https:\/\/rota163.kaioracim.com.br\/index.php?rest_route=\/wp\/v2\/pages\/23","targetHints":{"allow":["GET"]}}],"collection":[{"href":"https:\/\/rota163.kaioracim.com.br\/index.php?rest_route=\/wp\/v2\/pages"}],"about":[{"href":"https:\/\/rota163.kaioracim.com.br\/index.php?rest_route=\/wp\/v2\/types\/page"}],"author":[{"embeddable":true,"href":"https:\/\/rota163.kaioracim.com.br\/index.php?rest_route=\/wp\/v2\/users\/1"}],"replies":[{"embeddable":true,"href":"https:\/\/rota163.kaioracim.com.br\/index.php?rest_route=%2Fwp%2Fv2%2Fcomments&post=23"}],"version-history":[{"count":0,"href":"https:\/\/rota163.kaioracim.com.br\/index.php?rest_route=\/wp\/v2\/pages\/23\/revisions"}],"wp:attachment":[{"href":"https:\/\/rota163.kaioracim.com.br\/index.php?rest_route=%2Fwp%2Fv2%2Fmedia&parent=23"}],"curies":[{"name":"wp","href":"https:\/\/api.w.org\/{rel}","templated":true}]}}